{"id":95,"date":"2024-10-04T16:15:30","date_gmt":"2024-10-04T19:15:30","guid":{"rendered":"https:\/\/powerfactory.com.br\/?page_id=95"},"modified":"2024-10-04T17:13:17","modified_gmt":"2024-10-04T20:13:17","slug":"quem-somos","status":"publish","type":"page","link":"https:\/\/powerfactory.com.br\/index.php\/front_page\/quem-somos\/","title":{"rendered":"Quem Somos"},"content":{"rendered":"\n<p>A POWER FACTORY \u00e9 uma empresa de engenharia especializada em oferecer solu\u00e7\u00f5es t\u00e9cnicas de alta qualidade para os setores de energia e infraestrutura. Com uma equipe altamente qualificada e comprometida, atuamos de maneira integrada em todas as fases de desenvolvimento de projetos, garantindo efici\u00eancia, seguran\u00e7a e conformidade com as normas vigentes.<\/p>\n\n\n\n<p>Nosso foco \u00e9 em compet\u00eancia t\u00e9cnica, comprometimento com a sustentabilidade e atendimento personalizado, buscando sempre agregar valor aos projetos de nossos clientes.<\/p>\n","protected":false},"excerpt":{"rendered":"<p>A POWER FACTORY \u00e9 uma empresa de engenharia especializada em oferecer solu\u00e7\u00f5es t\u00e9cnicas de alta qualidade para os setores de energia e infraestrutura. Com uma equipe altamente qualificada e comprometida, atuamos de maneira integrada em todas as fases de desenvolvimento de projetos, garantindo efici\u00eancia, seguran\u00e7a e conformidade com as normas vigentes. Nosso foco \u00e9 em [&hellip;]<\/p>\n","protected":false},"author":1,"featured_media":0,"parent":25,"menu_order":0,"comment_status":"closed","ping_status":"closed","template":"","meta":{"saved_in_kubio":true,"footnotes":""},"kubio_ai_page_context":{"short_desc":"","purpose":"general"},"_links":{"self":[{"href":"https:\/\/powerfactory.com.br\/index.php\/wp-json\/wp\/v2\/pages\/95"}],"collection":[{"href":"https:\/\/powerfactory.com.br\/index.php\/wp-json\/wp\/v2\/pages"}],"about":[{"href":"https:\/\/powerfactory.com.br\/index.php\/wp-json\/wp\/v2\/types\/page"}],"author":[{"embeddable":true,"href":"https:\/\/powerfactory.com.br\/index.php\/wp-json\/wp\/v2\/users\/1"}],"replies":[{"embeddable":true,"href":"https:\/\/powerfactory.com.br\/index.php\/wp-json\/wp\/v2\/comments?post=95"}],"version-history":[{"count":1,"href":"https:\/\/powerfactory.com.br\/index.php\/wp-json\/wp\/v2\/pages\/95\/revisions"}],"predecessor-version":[{"id":96,"href":"https:\/\/powerfactory.com.br\/index.php\/wp-json\/wp\/v2\/pages\/95\/revisions\/96"}],"up":[{"embeddable":true,"href":"https:\/\/powerfactory.com.br\/index.php\/wp-json\/wp\/v2\/pages\/25"}],"wp:attachment":[{"href":"https:\/\/powerfactory.com.br\/index.php\/wp-json\/wp\/v2\/media?parent=95"}],"curies":[{"name":"wp","href":"https:\/\/api.w.org\/{rel}","templated":true}]}}